{"id":10349,"date":"2022-03-09T14:11:09","date_gmt":"2022-03-09T14:11:09","guid":{"rendered":"https:\/\/www.shop-copie-conforme.com\/?post_type=product&#038;p=10349"},"modified":"2025-03-22T10:31:58","modified_gmt":"2025-03-22T09:31:58","slug":"surligneur-stabilo-boss-original-lilas","status":"publish","type":"product","link":"https:\/\/shop-copie-conforme.com\/nl\/product-2\/surligneur-stabilo-boss-original-lilas\/","title":{"rendered":"Highlighter Stabilo Boss Original lila"},"content":{"rendered":"<p>Beitelpunt: 2 lijndikten mogelijk (2 en 5 mm). Markeerstift met fluorescerende inkt op waterbasis. Niet giftig, geurloos. Constante inktstroom. Ergonomisch, ligt goed in de hand, rolt niet over de werkplek. Navulbaar.<br \/>\n<span id=\"webtext\" class=\"IBSOutput\">lila<\/span><\/p>\n<p>&nbsp;<\/p>\n<p>70\/58<\/p>","protected":false},"excerpt":{"rendered":"<p>Pointe biseaut\u00e9e: 2 largeurs de trait possibles (2 et 5 mm). Surligneur \u00e0 encre fluorescente \u00e0 base d&rsquo;eau. Non-toxique, sans<\/p>","protected":false},"featured_media":10412,"comment_status":"open","ping_status":"closed","template":"","meta":[],"product_brand":[],"product_cat":[135],"product_tag":[],"class_list":{"0":"post-10349","1":"product","2":"type-product","3":"status-publish","4":"has-post-thumbnail","6":"product_cat-surligneurs","8":"first","9":"instock","10":"taxable","11":"shipping-taxable","12":"purchasable","13":"product-type-simple"},"_links":{"self":[{"href":"https:\/\/shop-copie-conforme.com\/nl\/wp-json\/wp\/v2\/product\/10349","targetHints":{"allow":["GET"]}}],"collection":[{"href":"https:\/\/shop-copie-conforme.com\/nl\/wp-json\/wp\/v2\/product"}],"about":[{"href":"https:\/\/shop-copie-conforme.com\/nl\/wp-json\/wp\/v2\/types\/product"}],"replies":[{"embeddable":true,"href":"https:\/\/shop-copie-conforme.com\/nl\/wp-json\/wp\/v2\/comments?post=10349"}],"version-history":[{"count":0,"href":"https:\/\/shop-copie-conforme.com\/nl\/wp-json\/wp\/v2\/product\/10349\/revisions"}],"wp:featuredmedia":[{"embeddable":true,"href":"https:\/\/shop-copie-conforme.com\/nl\/wp-json\/wp\/v2\/media\/10412"}],"wp:attachment":[{"href":"https:\/\/shop-copie-conforme.com\/nl\/wp-json\/wp\/v2\/media?parent=10349"}],"wp:term":[{"taxonomy":"product_brand","embeddable":true,"href":"https:\/\/shop-copie-conforme.com\/nl\/wp-json\/wp\/v2\/product_brand?post=10349"},{"taxonomy":"product_cat","embeddable":true,"href":"https:\/\/shop-copie-conforme.com\/nl\/wp-json\/wp\/v2\/product_cat?post=10349"},{"taxonomy":"product_tag","embeddable":true,"href":"https:\/\/shop-copie-conforme.com\/nl\/wp-json\/wp\/v2\/product_tag?post=10349"}],"curies":[{"name":"wp","href":"https:\/\/api.w.org\/{rel}","templated":true}]}}