{"id":10285,"date":"2022-03-09T14:10:43","date_gmt":"2022-03-09T14:10:43","guid":{"rendered":"https:\/\/www.shop-copie-conforme.com\/?post_type=product&#038;p=10285"},"modified":"2023-07-25T10:06:36","modified_gmt":"2023-07-25T09:06:36","slug":"fineliner-drawing-system-03-mm","status":"publish","type":"product","link":"https:\/\/shop-copie-conforme.com\/nl\/product-2\/fineliner-drawing-system-03-mm\/","title":{"rendered":"Fineliner-tekensysteem 0,3 mm"},"content":{"rendered":"<p>Viltstift met nylon punt in metaal. Voor technische tekeningen of schetsen. Pigmentinkt op waterbasis. Xyleenvrij en met veiligheidsdop. Metalen clip. Kleur: zwart.<br \/>\n<span id=\"webtext\" class=\"IBSOutput\">0,3 mm<\/span><\/p>","protected":false},"excerpt":{"rendered":"<p>Feutre \u00e0 pointe nylon sertie de m\u00e9tal. Pour les dessins techniques ou esquisses. Encre pigment\u00e9e \u00e0 base d&rsquo;eau. Sans xyl\u00e8ne<\/p>","protected":false},"featured_media":10365,"comment_status":"open","ping_status":"closed","template":"","meta":[],"product_brand":[],"product_cat":[172],"product_tag":[],"class_list":{"0":"post-10285","1":"product","2":"type-product","3":"status-publish","4":"has-post-thumbnail","6":"product_cat-feutres-de-dessin","8":"first","9":"instock","10":"taxable","11":"shipping-taxable","12":"purchasable","13":"product-type-simple"},"_links":{"self":[{"href":"https:\/\/shop-copie-conforme.com\/nl\/wp-json\/wp\/v2\/product\/10285","targetHints":{"allow":["GET"]}}],"collection":[{"href":"https:\/\/shop-copie-conforme.com\/nl\/wp-json\/wp\/v2\/product"}],"about":[{"href":"https:\/\/shop-copie-conforme.com\/nl\/wp-json\/wp\/v2\/types\/product"}],"replies":[{"embeddable":true,"href":"https:\/\/shop-copie-conforme.com\/nl\/wp-json\/wp\/v2\/comments?post=10285"}],"version-history":[{"count":0,"href":"https:\/\/shop-copie-conforme.com\/nl\/wp-json\/wp\/v2\/product\/10285\/revisions"}],"wp:featuredmedia":[{"embeddable":true,"href":"https:\/\/shop-copie-conforme.com\/nl\/wp-json\/wp\/v2\/media\/10365"}],"wp:attachment":[{"href":"https:\/\/shop-copie-conforme.com\/nl\/wp-json\/wp\/v2\/media?parent=10285"}],"wp:term":[{"taxonomy":"product_brand","embeddable":true,"href":"https:\/\/shop-copie-conforme.com\/nl\/wp-json\/wp\/v2\/product_brand?post=10285"},{"taxonomy":"product_cat","embeddable":true,"href":"https:\/\/shop-copie-conforme.com\/nl\/wp-json\/wp\/v2\/product_cat?post=10285"},{"taxonomy":"product_tag","embeddable":true,"href":"https:\/\/shop-copie-conforme.com\/nl\/wp-json\/wp\/v2\/product_tag?post=10285"}],"curies":[{"name":"wp","href":"https:\/\/api.w.org\/{rel}","templated":true}]}}