{"id":10100,"date":"2022-03-09T14:09:07","date_gmt":"2022-03-09T14:09:07","guid":{"rendered":"https:\/\/www.shop-copie-conforme.com\/?post_type=product&#038;p=10100"},"modified":"2024-01-04T11:41:07","modified_gmt":"2024-01-04T10:41:07","slug":"maped-crayons-de-couleur-colorpeps-12-3-crayons-blackpeps-gratuits","status":"publish","type":"product","link":"https:\/\/shop-copie-conforme.com\/nl\/product-2\/maped-crayons-de-couleur-colorpeps-12-3-crayons-blackpeps-gratuits\/","title":{"rendered":"Maped Color&#039;Peps 12 kleurpotloden + 3 gratis Black&#039;Peps potloden"},"content":{"rendered":"<p>Driehoekig vat. Zacht en ultra-resistent lood. Gemakkelijk te slijpen, geen splinters. Heldere kleuren. In kartonnen doos.<br \/>\n<span id=\"webtext\" class=\"IBSOutput\">15 Black'Peps grafietpotloden (12 + 3 GRATIS)<\/span><\/p>","protected":false},"excerpt":{"rendered":"<p>Corps triangulaire. Mine tendre et ultrar\u00e9sistante. Facile \u00e0 tailler, sans \u00e9chardes. Couleurs lumineuses. En \u00e9tui cartonn\u00e9. 15 crayons graphite Black&rsquo;Peps<\/p>","protected":false},"featured_media":10184,"comment_status":"open","ping_status":"closed","template":"","meta":[],"product_brand":[],"product_cat":[144],"product_tag":[],"class_list":{"0":"post-10100","1":"product","2":"type-product","3":"status-publish","4":"has-post-thumbnail","6":"product_cat-coloriage","8":"first","9":"instock","10":"sale","11":"taxable","12":"shipping-taxable","13":"purchasable","14":"product-type-simple"},"_links":{"self":[{"href":"https:\/\/shop-copie-conforme.com\/nl\/wp-json\/wp\/v2\/product\/10100","targetHints":{"allow":["GET"]}}],"collection":[{"href":"https:\/\/shop-copie-conforme.com\/nl\/wp-json\/wp\/v2\/product"}],"about":[{"href":"https:\/\/shop-copie-conforme.com\/nl\/wp-json\/wp\/v2\/types\/product"}],"replies":[{"embeddable":true,"href":"https:\/\/shop-copie-conforme.com\/nl\/wp-json\/wp\/v2\/comments?post=10100"}],"version-history":[{"count":0,"href":"https:\/\/shop-copie-conforme.com\/nl\/wp-json\/wp\/v2\/product\/10100\/revisions"}],"wp:featuredmedia":[{"embeddable":true,"href":"https:\/\/shop-copie-conforme.com\/nl\/wp-json\/wp\/v2\/media\/10184"}],"wp:attachment":[{"href":"https:\/\/shop-copie-conforme.com\/nl\/wp-json\/wp\/v2\/media?parent=10100"}],"wp:term":[{"taxonomy":"product_brand","embeddable":true,"href":"https:\/\/shop-copie-conforme.com\/nl\/wp-json\/wp\/v2\/product_brand?post=10100"},{"taxonomy":"product_cat","embeddable":true,"href":"https:\/\/shop-copie-conforme.com\/nl\/wp-json\/wp\/v2\/product_cat?post=10100"},{"taxonomy":"product_tag","embeddable":true,"href":"https:\/\/shop-copie-conforme.com\/nl\/wp-json\/wp\/v2\/product_tag?post=10100"}],"curies":[{"name":"wp","href":"https:\/\/api.w.org\/{rel}","templated":true}]}}