{"id":10084,"date":"2022-03-09T14:09:05","date_gmt":"2022-03-09T14:09:05","guid":{"rendered":"https:\/\/www.shop-copie-conforme.com\/?post_type=product&#038;p=10084"},"modified":"2025-12-15T09:10:18","modified_gmt":"2025-12-15T08:10:18","slug":"le-petit-larousse-illustre-2026","status":"publish","type":"product","link":"https:\/\/shop-copie-conforme.com\/nl\/product-2\/le-petit-larousse-illustre-2026\/","title":{"rendered":"De kleine ge\u00efllustreerde versie 2026"},"content":{"rendered":"<div><strong>De kleine ge\u00efllustreerde Larousse 2025<\/strong><\/div>\n<div><\/div>\n<div>Le Petit Larousse Illustr\u00e9 2025 :<\/div>\n<ul>\n<li>Meer dan 63.800 woorden, 125.000 betekenissen, 20.000 uitdrukkingen en 28.000 eigennamen.<\/li>\n<li>1.500 taal- en spellingopmerkingen; 2.000 regionale en Franse woorden; 4.500 encyclopedische aanvullingen; 5.650 kaarten, tekeningen, foto's, diagrammen en platen.<\/li>\n<li>Met een activatiekaart voor bevoorrechte toegang tot het internetwoordenboek Larousse 2023 met meer dan 80.000 woorden, 9.600 vervoegde werkwoorden en encyclopedische bestanden.<\/li>\n<\/ul>\n<div>De extra bonus van de editie 2025: een moderne, verfijnde omslag. 150 nieuwe woorden, betekenissen en uitdrukkingen en meer dan 40 nieuwe eigennamen.<\/div>","protected":false},"excerpt":{"rendered":"<p>Ontdek Le Petit Larousse Illustr\u00e9 2025, het ultieme naslagwerk voor woordenboeken en encyclopedie\u00ebn. Deze bijgewerkte en verrijkte editie biedt u een schat aan essenti\u00eble informatie om uw algemene kennis te verbreden en uw begrip van de Franse taal te verdiepen.<\/p>\n<p>Met duizenden woorden, definities, voorbeelden, synoniemen, uitdrukkingen en vervoegingen is Le Petit Larousse Illustr\u00e9 2025 een ware schat aan kennis binnen handbereik. Bovendien nemen de prachtige illustraties je mee in een boeiende visuele wereld die het leren nog leuker maakt.<\/p>\n<p>Of je nu student, professional of gewoon nieuwsgierig bent, dit onmisbare werk zal je begeleiden bij al je onderzoek, lees- en begripsprojecten. Mis dit onge\u00ebvenaarde naslagwerk niet dat de deuren opent naar een wereld van kennis en verwondering.<\/p>","protected":false},"featured_media":41658,"comment_status":"open","ping_status":"closed","template":"","meta":[],"product_brand":[],"product_cat":[133],"product_tag":[],"class_list":{"0":"post-10084","1":"product","2":"type-product","3":"status-publish","4":"has-post-thumbnail","6":"product_cat-livres-et-dictionnaires","8":"first","9":"instock","10":"taxable","11":"shipping-taxable","12":"purchasable","13":"product-type-simple"},"_links":{"self":[{"href":"https:\/\/shop-copie-conforme.com\/nl\/wp-json\/wp\/v2\/product\/10084","targetHints":{"allow":["GET"]}}],"collection":[{"href":"https:\/\/shop-copie-conforme.com\/nl\/wp-json\/wp\/v2\/product"}],"about":[{"href":"https:\/\/shop-copie-conforme.com\/nl\/wp-json\/wp\/v2\/types\/product"}],"replies":[{"embeddable":true,"href":"https:\/\/shop-copie-conforme.com\/nl\/wp-json\/wp\/v2\/comments?post=10084"}],"version-history":[{"count":0,"href":"https:\/\/shop-copie-conforme.com\/nl\/wp-json\/wp\/v2\/product\/10084\/revisions"}],"wp:featuredmedia":[{"embeddable":true,"href":"https:\/\/shop-copie-conforme.com\/nl\/wp-json\/wp\/v2\/media\/41658"}],"wp:attachment":[{"href":"https:\/\/shop-copie-conforme.com\/nl\/wp-json\/wp\/v2\/media?parent=10084"}],"wp:term":[{"taxonomy":"product_brand","embeddable":true,"href":"https:\/\/shop-copie-conforme.com\/nl\/wp-json\/wp\/v2\/product_brand?post=10084"},{"taxonomy":"product_cat","embeddable":true,"href":"https:\/\/shop-copie-conforme.com\/nl\/wp-json\/wp\/v2\/product_cat?post=10084"},{"taxonomy":"product_tag","embeddable":true,"href":"https:\/\/shop-copie-conforme.com\/nl\/wp-json\/wp\/v2\/product_tag?post=10084"}],"curies":[{"name":"wp","href":"https:\/\/api.w.org\/{rel}","templated":true}]}}