{"id":10033,"date":"2022-03-09T14:08:37","date_gmt":"2022-03-09T14:08:37","guid":{"rendered":"https:\/\/www.shop-copie-conforme.com\/?post_type=product&#038;p=10033"},"modified":"2024-03-22T11:16:46","modified_gmt":"2024-03-22T10:16:46","slug":"bobine-pour-calculatrice-ft-37-mm-diametre-62-mm-mandrin-12-mm-longueur-43m","status":"publish","type":"product","link":"https:\/\/shop-copie-conforme.com\/nl\/product-2\/bobine-pour-calculatrice-ft-37-mm-diametre-62-mm-mandrin-12-mm-longueur-43m\/","title":{"rendered":"Rekenmachinespoel ft 37 mm, diameter +-62 mm, kern 12 mm, lengte 43m"},"content":{"rendered":"<p>Pour calculatrices standard. Mandrin: 12 mm.<br \/>\n<span id=\"webtext\" class=\"IBSOutput\">largeur 37 mm x longueur 43 m x diam\u00e8tre +\/- 62 mm<\/span><\/p>\n<div class=\"flex-1 overflow-hidden\">\n<div class=\"react-scroll-to-bottom--css-luuxh-79elbk h-full\">\n<div class=\"react-scroll-to-bottom--css-luuxh-1n7m0yu\">\n<div class=\"flex flex-col text-sm pb-9\">\n<div class=\"w-full text-token-text-primary\" data-testid=\"conversation-turn-41\">\n<div class=\"px-4 py-2 justify-center text-base md:gap-6 m-auto\">\n<div class=\"flex flex-1 text-base mx-auto gap-3 md:px-5 lg:px-1 xl:px-5 md:max-w-3xl lg:max-w-[40rem] xl:max-w-[48rem] group final-completion\">\n<div class=\"relative flex w-full flex-col agent-turn\">\n<div class=\"flex-col gap-1 md:gap-3\">\n<div class=\"flex flex-grow flex-col max-w-full\">\n<div class=\"min-h-[20px] text-message flex flex-col items-start gap-3 whitespace-pre-wrap break-words [.text-message+&amp;]:mt-5 overflow-x-auto\" data-message-author-role=\"assistant\" data-message-id=\"4767cd5a-fbbd-43e9-add8-315a5847feda\">\n<div class=\"markdown prose w-full break-words dark:prose-invert light\">\n<p>Les bobines pour calculatrice sont des fournitures essentielles pour les environnements de bureau et les commerces utilisant des calculatrices. Avec une largeur de 37 mm, un diam\u00e8tre d&rsquo;environ 62 mm et un mandrin de 12 mm, ces bobines sont con\u00e7ues pour offrir une compatibilit\u00e9 optimale avec une vari\u00e9t\u00e9 de mod\u00e8les de calculatrices. Chaque bobine mesure 43 m\u00e8tres de longueur, offrant une durabilit\u00e9 et une fiabilit\u00e9 accrues pour vos besoins en impression. Fabriqu\u00e9es selon des normes strictes, ces bobines garantissent des r\u00e9sultats d&rsquo;impression nets et pr\u00e9cis \u00e0 chaque utilisation, facilitant ainsi la gestion efficace des donn\u00e9es et des transactions.<\/p>\n<p>Leur format standard les rend id\u00e9ales pour une utilisation quotidienne, que ce soit au bureau, dans les magasins ou dans d&rsquo;autres environnements professionnels. Optez pour ces bobines pour calculatrice et assurez-vous d&rsquo;avoir toujours des fournitures de qualit\u00e9 \u00e0 port\u00e9e de main pour maintenir la productivit\u00e9 de votre entreprise.<\/p>\n<\/div>\n<\/div>\n<\/div>\n<div class=\"mt-1 flex justify-start gap-3 empty:hidden\">\n<div class=\"text-gray-400 flex self-end lg:self-center items-center justify-center lg:justify-start mt-0 -ml-1 h-7 gap-[2px] visible\"><button class=\"flex items-center gap-1.5 rounded-md p-1 text-xs text-token-text-tertiary hover:text-token-text-primary md:invisible md:group-hover:visible md:group-[.final-completion]:visible\"><\/button><button class=\"flex items-center gap-1.5 rounded-md p-1 text-xs text-token-text-tertiary hover:text-token-text-primary md:invisible md:group-hover:visible md:group-[.final-completion]:visible\"><\/button><\/p>\n<div class=\"flex items-center gap-1.5 text-xs\"><\/div>\n<div class=\"flex\"><\/div>\n<\/div>\n<\/div>\n<div class=\"pr-2 lg:pr-0\"><\/div>\n<\/div>\n<div class=\"absolute\">\n<div class=\"flex w-full gap-2 items-center justify-center\"><\/div>\n<\/div>\n<\/div>\n<\/div>\n<\/div>\n<\/div>\n<\/div>\n<\/div>\n<\/div>\n<\/div>\n<div class=\"w-full pt-2 md:pt-0 dark:border-white\/20 md:border-transparent md:dark:border-transparent md:w-[calc(100%-.5rem)]\">\n<form class=\"stretch mx-2 flex flex-row gap-3 last:mb-2 md:mx-4 md:last:mb-6 lg:mx-auto lg:max-w-2xl xl:max-w-3xl\">\n<div class=\"relative flex h-full flex-1 flex-col\">\n<div class=\"absolute bottom-full left-0 right-0\"><\/div>\n<div class=\"flex w-full items-center\"><\/div>\n<\/div>\n<\/form>\n<\/div>\n","protected":false},"excerpt":{"rendered":"<p>Rekenmachinespoel ft 37 mm, diameter +-62 mm, kern 12 mm, lengte 43m<\/p>","protected":false},"featured_media":10103,"comment_status":"open","ping_status":"closed","template":"","meta":[],"product_brand":[],"product_cat":[96],"product_tag":[],"class_list":{"0":"post-10033","1":"product","2":"type-product","3":"status-publish","4":"has-post-thumbnail","6":"product_cat-bobines","8":"first","9":"instock","10":"taxable","11":"shipping-taxable","12":"purchasable","13":"product-type-simple"},"_links":{"self":[{"href":"https:\/\/shop-copie-conforme.com\/nl\/wp-json\/wp\/v2\/product\/10033","targetHints":{"allow":["GET"]}}],"collection":[{"href":"https:\/\/shop-copie-conforme.com\/nl\/wp-json\/wp\/v2\/product"}],"about":[{"href":"https:\/\/shop-copie-conforme.com\/nl\/wp-json\/wp\/v2\/types\/product"}],"replies":[{"embeddable":true,"href":"https:\/\/shop-copie-conforme.com\/nl\/wp-json\/wp\/v2\/comments?post=10033"}],"version-history":[{"count":0,"href":"https:\/\/shop-copie-conforme.com\/nl\/wp-json\/wp\/v2\/product\/10033\/revisions"}],"wp:featuredmedia":[{"embeddable":true,"href":"https:\/\/shop-copie-conforme.com\/nl\/wp-json\/wp\/v2\/media\/10103"}],"wp:attachment":[{"href":"https:\/\/shop-copie-conforme.com\/nl\/wp-json\/wp\/v2\/media?parent=10033"}],"wp:term":[{"taxonomy":"product_brand","embeddable":true,"href":"https:\/\/shop-copie-conforme.com\/nl\/wp-json\/wp\/v2\/product_brand?post=10033"},{"taxonomy":"product_cat","embeddable":true,"href":"https:\/\/shop-copie-conforme.com\/nl\/wp-json\/wp\/v2\/product_cat?post=10033"},{"taxonomy":"product_tag","embeddable":true,"href":"https:\/\/shop-copie-conforme.com\/nl\/wp-json\/wp\/v2\/product_tag?post=10033"}],"curies":[{"name":"wp","href":"https:\/\/api.w.org\/{rel}","templated":true}]}}