{"id":10000,"date":"2022-03-09T14:08:15","date_gmt":"2022-03-09T14:08:15","guid":{"rendered":"https:\/\/www.shop-copie-conforme.com\/?post_type=product&#038;p=10000"},"modified":"2023-07-25T10:04:48","modified_gmt":"2023-07-25T09:04:48","slug":"registre-journal-foliote-7600e","status":"publish","type":"product","link":"https:\/\/shop-copie-conforme.com\/nl\/product-2\/registre-journal-foliote-7600e\/","title":{"rendered":"Bladregister 7600E"},"content":{"rendered":"<p>De helderheid van Exacompta-plots en de drukkwaliteit met speciale groene inkt worden al jaren erkend en gewaardeerd.<br \/>\nMet de journaalsteek kunnen alle soorten handelingen worden vastgelegd door de details vrij in te voeren. De bladzijden zijn genummerd om onderbrekingen of vervalsingen te voorkomen. Met zijn 80 bladzijden beschikt u over een licht notitieboekje, gemakkelijk mee te nemen of op te bergen, maar zeer compleet voor dagelijkse of incidentele overzichten.<br \/>\nHet 110 g\/m2 papier is licht getint, speciaal ontworpen om de ogen rust te geven, en mat voor gemakkelijk en duidelijk schrijven. Het is FSC\u00ae-gecertificeerd, een methode voor verantwoord bosbeheer.<br \/>\nDe omslag van glanzend karton is afkomstig van onze papierfabrieken in Clairefontaine, is edel, stijf, bestendig en ecologisch want ook FSC\u00ae gecertificeerd. De Exacompta stiksels en registers worden vervaardigd bij 100% in Frankrijk.<\/p>","protected":false},"excerpt":{"rendered":"<div class=\"group w-full text-gray-800 dark:text-gray-100 border-b border-black\/10 dark:border-gray-900\/50 bg-gray-50 dark:bg-[#444654]\">\n<div class=\"flex p-4 gap-4 text-base md:gap-6 md:max-w-2xl lg:max-w-[38rem] xl:max-w-3xl md:py-6 lg:px-0 m-auto\">\n<div class=\"relative flex w-[calc(100%-50px)] flex-col gap-1 md:gap-3 lg:w-[calc(100%-115px)]\">\n<div class=\"flex flex-grow flex-col gap-3\">\n<div class=\"min-h-[20px] flex flex-col items-start gap-4 whitespace-pre-wrap break-words\">\n<div class=\"markdown prose w-full break-words dark:prose-invert light\">\n<p>D\u00e9couvrez le Registre Journal Foliot\u00e9 7600E, l&rsquo;outil parfait pour une tenue pr\u00e9cise et organis\u00e9e de votre journal comptable !<\/p>\n<p>Le Registre Journal Foliot\u00e9 7600E est sp\u00e9cialement con\u00e7u pour vous aider \u00e0 enregistrer et \u00e0 suivre toutes les op\u00e9rations comptables de votre entreprise de mani\u00e8re claire et m\u00e9thodique. Avec ses pages pr\u00e9-imprim\u00e9es et num\u00e9rot\u00e9es, vous pouvez consigner les d\u00e9tails essentiels de chaque transaction, y compris les dates, les comptes concern\u00e9s, les montants et les r\u00e9f\u00e9rences.<\/p>\n<p>Gr\u00e2ce au Registre Journal Foliot\u00e9 7600E, vous pouvez maintenir un journal comptable pr\u00e9cis et conforme aux exigences l\u00e9gales. Ne laissez aucune op\u00e9ration financi\u00e8re importante passer inaper\u00e7ue ou mal document\u00e9e !<\/p>\n<p>Que vous soyez une petite entreprise, une association ou un professionnel ind\u00e9pendant, le Registre Journal Foliot\u00e9 7600E est l&rsquo;outil indispensable pour une gestion financi\u00e8re rigoureuse. Simplifiez votre comptabilit\u00e9, facilitez les v\u00e9rifications et assurez une tra\u00e7abilit\u00e9 optimale gr\u00e2ce \u00e0 cet outil professionnel.<\/p>\n<p>Optez d\u00e8s maintenant pour le Registre Journal Foliot\u00e9 7600E et tenez votre journal comptable avec pr\u00e9cision et fiabilit\u00e9 ! Soyez organis\u00e9, conforme et ma\u00eetrisez vos op\u00e9rations financi\u00e8res gr\u00e2ce \u00e0 cet outil essentiel pour votre entreprise.<\/p>\n<\/div>\n<\/div>\n<\/div>\n<div class=\"flex justify-between lg:block\">\n<div class=\"text-gray-400 flex self-end lg:self-center justify-center mt-2 gap-2 md:gap-3 lg:gap-1 lg:absolute lg:top-0 lg:translate-x-full lg:right-0 lg:mt-0 lg:pl-2 visible\"><button class=\"flex ml-auto gap-2 rounded-md p-1 hover:bg-gray-100 hover:text-gray-700 dark:text-gray-400 dark:hover:bg-gray-700 dark:hover:text-gray-200 disabled:dark:hover:text-gray-400\"><\/button><\/p>\n<div class=\"flex gap-1\"><\/div>\n<\/div>\n<\/div>\n<\/div>\n<\/div>\n<\/div>\n","protected":false},"featured_media":10073,"comment_status":"open","ping_status":"closed","template":"","meta":[],"product_brand":[],"product_cat":[170],"product_tag":[],"class_list":{"0":"post-10000","1":"product","2":"type-product","3":"status-publish","4":"has-post-thumbnail","6":"product_cat-registres-et-formulaires","8":"first","9":"instock","10":"taxable","11":"shipping-taxable","12":"purchasable","13":"product-type-simple"},"_links":{"self":[{"href":"https:\/\/shop-copie-conforme.com\/nl\/wp-json\/wp\/v2\/product\/10000","targetHints":{"allow":["GET"]}}],"collection":[{"href":"https:\/\/shop-copie-conforme.com\/nl\/wp-json\/wp\/v2\/product"}],"about":[{"href":"https:\/\/shop-copie-conforme.com\/nl\/wp-json\/wp\/v2\/types\/product"}],"replies":[{"embeddable":true,"href":"https:\/\/shop-copie-conforme.com\/nl\/wp-json\/wp\/v2\/comments?post=10000"}],"version-history":[{"count":0,"href":"https:\/\/shop-copie-conforme.com\/nl\/wp-json\/wp\/v2\/product\/10000\/revisions"}],"wp:featuredmedia":[{"embeddable":true,"href":"https:\/\/shop-copie-conforme.com\/nl\/wp-json\/wp\/v2\/media\/10073"}],"wp:attachment":[{"href":"https:\/\/shop-copie-conforme.com\/nl\/wp-json\/wp\/v2\/media?parent=10000"}],"wp:term":[{"taxonomy":"product_brand","embeddable":true,"href":"https:\/\/shop-copie-conforme.com\/nl\/wp-json\/wp\/v2\/product_brand?post=10000"},{"taxonomy":"product_cat","embeddable":true,"href":"https:\/\/shop-copie-conforme.com\/nl\/wp-json\/wp\/v2\/product_cat?post=10000"},{"taxonomy":"product_tag","embeddable":true,"href":"https:\/\/shop-copie-conforme.com\/nl\/wp-json\/wp\/v2\/product_tag?post=10000"}],"curies":[{"name":"wp","href":"https:\/\/api.w.org\/{rel}","templated":true}]}}